{"id":13,"date":"2024-03-17T18:32:33","date_gmt":"2024-03-17T17:32:33","guid":{"rendered":"https:\/\/\u00fcbersetzer-bachmeier.de\/?page_id=13"},"modified":"2024-03-17T23:03:41","modified_gmt":"2024-03-17T22:03:41","slug":"seite1","status":"publish","type":"page","link":"https:\/\/\u00fcbersetzer-bachmeier.de\/","title":{"rendered":"BACHMEIER \u00dcBERSETZER"},"content":{"rendered":"\n<h2 class=\"has-text-align-center has-large-font-size\">F\u00dcR RUSSISCH ZU G\u00dcNSTIGEN PREISEN<\/h2>\n\n\n\n<p>Allgemein beeidigter \u00dcbersetzer und Dolmetscher f\u00fcr Russisch<br><br>Eugen Bachmeier<br>Dr.-Mach-Str. 25<br>85540 Haar bei M\u00fcnchen<br><br>Tel.                 <a href=\"tel:0894305945\">089 \/ 430 59 45<\/a><br>e-Mail:           <a href=\"mailto:eugen-bachmeier@online.de\">eugen-bachmeier@online.de<\/a><br><br>&#8212;&#8212;&#8212;&#8212;&#8212;&#8212;&#8212;&#8212;&#8212;&#8212;&#8212;&#8212;&#8212;&#8212;&#8212;&#8212;&#8212;&#8212;&#8212;&#8212;&#8212;&#8212;&#8212;&#8212;&#8212;&#8212;&#8212;&#8212;-<br>BEGLAUBIGUNGSTEXT BEI \u00dcBERSETZUNGEN<br>Als vom Pr\u00e4sidenten des Landgerichts M\u00fcnchen I \u00f6ffentlich bestellter und allgemein beeidigter Dolmetscher und \u00dcbersetzer f\u00fcr die russische Sprache best\u00e4tige ich: Vorstehende \u00dcbersetzung der mir in Original vorgelegten, in russischer Sprache abgefassten Urkunde ist richtig und vollst\u00e4ndig. <\/p>\n","protected":false},"excerpt":{"rendered":"<p>F\u00dcR RUSSISCH ZU G\u00dcNSTIGEN PREISEN Allgemein beeidigter \u00dcbersetzer und Dolmetscher f\u00fcr Russisch Eugen BachmeierDr.-Mach-Str. 2585540 Haar bei M\u00fcnchen Tel. 089 \/ 430 59 45e-Mail: eugen-bachmeier@online.de &#8212;&#8212;&#8212;&#8212;&#8212;&#8212;&#8212;&#8212;&#8212;&#8212;&#8212;&#8212;&#8212;&#8212;&#8212;&#8212;&#8212;&#8212;&#8212;&#8212;&#8212;&#8212;&#8212;&#8212;&#8212;&#8212;&#8212;&#8212;-BEGLAUBIGUNGSTEXT BEI \u00dcBERSETZUNGENAls vom Pr\u00e4sidenten des Landgerichts M\u00fcnchen I \u00f6ffentlich bestellter und allgemein beeidigter Dolmetscher und \u00dcbersetzer f\u00fcr die russische Sprache best\u00e4tige ich: Vorstehende \u00dcbersetzung der mir in Original vorgelegten, [&hellip;]<\/p>\n","protected":false},"author":1,"featured_media":0,"parent":0,"menu_order":0,"comment_status":"closed","ping_status":"closed","template":"","meta":[],"_links":{"self":[{"href":"https:\/\/\u00fcbersetzer-bachmeier.de\/index.php?rest_route=\/wp\/v2\/pages\/13"}],"collection":[{"href":"https:\/\/\u00fcbersetzer-bachmeier.de\/index.php?rest_route=\/wp\/v2\/pages"}],"about":[{"href":"https:\/\/\u00fcbersetzer-bachmeier.de\/index.php?rest_route=\/wp\/v2\/types\/page"}],"author":[{"embeddable":true,"href":"https:\/\/\u00fcbersetzer-bachmeier.de\/index.php?rest_route=\/wp\/v2\/users\/1"}],"replies":[{"embeddable":true,"href":"https:\/\/\u00fcbersetzer-bachmeier.de\/index.php?rest_route=%2Fwp%2Fv2%2Fcomments&post=13"}],"version-history":[{"count":11,"href":"https:\/\/\u00fcbersetzer-bachmeier.de\/index.php?rest_route=\/wp\/v2\/pages\/13\/revisions"}],"predecessor-version":[{"id":30,"href":"https:\/\/\u00fcbersetzer-bachmeier.de\/index.php?rest_route=\/wp\/v2\/pages\/13\/revisions\/30"}],"wp:attachment":[{"href":"https:\/\/\u00fcbersetzer-bachmeier.de\/index.php?rest_route=%2Fwp%2Fv2%2Fmedia&parent=13"}],"curies":[{"name":"wp","href":"https:\/\/api.w.org\/{rel}","templated":true}]}}