{"id":16,"date":"2024-03-17T19:20:00","date_gmt":"2024-03-17T18:20:00","guid":{"rendered":"https:\/\/\u00fcbersetzer-bachmeier.de\/?page_id=16"},"modified":"2024-03-17T19:20:00","modified_gmt":"2024-03-17T18:20:00","slug":"preise","status":"publish","type":"page","link":"https:\/\/\u00fcbersetzer-bachmeier.de\/?page_id=16","title":{"rendered":"PREISE"},"content":{"rendered":"\n<p>Eugen Bachmeier<br>Dr.-Mach-Str. 25<br>85540 Haar bei M\u00fcnchen<br><br><\/p>\n\n\n\n<p>BEGLAUBIGUNGSTEXT BEI \u00dcBERSETZUNGEN<br>Als vom Pr\u00e4sidenten des Landgerichts M\u00fcnchen I \u00f6ffentlich bestellter und allgemein beeidigter Dolmetscher und \u00dcbersetzer f\u00fcr die russische Sprache best\u00e4tige ich: Vorstehende \u00dcbersetzung der mir in Original vorgelegten, in russischer Sprache abgefassten Urkunde ist richtig und vollst\u00e4ndig.<\/p>\n","protected":false},"excerpt":{"rendered":"<p>Eugen BachmeierDr.-Mach-Str. 2585540 Haar bei M\u00fcnchen BEGLAUBIGUNGSTEXT BEI \u00dcBERSETZUNGENAls vom Pr\u00e4sidenten des Landgerichts M\u00fcnchen I \u00f6ffentlich bestellter und allgemein beeidigter Dolmetscher und \u00dcbersetzer f\u00fcr die russische Sprache best\u00e4tige ich: Vorstehende \u00dcbersetzung der mir in Original vorgelegten, in russischer Sprache abgefassten Urkunde ist richtig und vollst\u00e4ndig.<\/p>\n","protected":false},"author":1,"featured_media":0,"parent":0,"menu_order":0,"comment_status":"closed","ping_status":"closed","template":"","meta":[],"_links":{"self":[{"href":"https:\/\/\u00fcbersetzer-bachmeier.de\/index.php?rest_route=\/wp\/v2\/pages\/16"}],"collection":[{"href":"https:\/\/\u00fcbersetzer-bachmeier.de\/index.php?rest_route=\/wp\/v2\/pages"}],"about":[{"href":"https:\/\/\u00fcbersetzer-bachmeier.de\/index.php?rest_route=\/wp\/v2\/types\/page"}],"author":[{"embeddable":true,"href":"https:\/\/\u00fcbersetzer-bachmeier.de\/index.php?rest_route=\/wp\/v2\/users\/1"}],"replies":[{"embeddable":true,"href":"https:\/\/\u00fcbersetzer-bachmeier.de\/index.php?rest_route=%2Fwp%2Fv2%2Fcomments&post=16"}],"version-history":[{"count":1,"href":"https:\/\/\u00fcbersetzer-bachmeier.de\/index.php?rest_route=\/wp\/v2\/pages\/16\/revisions"}],"predecessor-version":[{"id":17,"href":"https:\/\/\u00fcbersetzer-bachmeier.de\/index.php?rest_route=\/wp\/v2\/pages\/16\/revisions\/17"}],"wp:attachment":[{"href":"https:\/\/\u00fcbersetzer-bachmeier.de\/index.php?rest_route=%2Fwp%2Fv2%2Fmedia&parent=16"}],"curies":[{"name":"wp","href":"https:\/\/api.w.org\/{rel}","templated":true}]}}